{"id":36707,"date":"2025-02-19T15:45:26","date_gmt":"2025-02-19T12:45:26","guid":{"rendered":"https:\/\/vitalmutfak.com\/homepage\/"},"modified":"2026-03-02T14:34:06","modified_gmt":"2026-03-02T11:34:06","slug":"homepage","status":"publish","type":"page","link":"https:\/\/vitalmutfak.com\/de\/","title":{"rendered":"Homepage"},"content":{"rendered":"\t\t<div data-elementor-type=\"wp-page\" data-elementor-id=\"36707\" class=\"elementor elementor-36707 elementor-114\" data-elementor-post-type=\"page\">\n\t\t\t\t<div class=\"elementor-element elementor-element-349d463 e-flex e-con-boxed e-con e-parent\" data-id=\"349d463\" data-element_type=\"container\" data-e-type=\"container\">\n\t\t\t\t\t<div class=\"e-con-inner\">\n\t\t\t\t<div class=\"elementor-element elementor-element-3bf65c5 elementor-widget elementor-widget-search\" data-id=\"3bf65c5\" data-element_type=\"widget\" data-e-type=\"widget\" data-settings=\"{&quot;submit_trigger&quot;:&quot;click_submit&quot;,&quot;pagination_type_options&quot;:&quot;none&quot;}\" data-widget_type=\"search.default\">\n\t\t\t\t<div class=\"elementor-widget-container\">\n\t\t\t\t\t\t\t<search class=\"e-search hidden\" role=\"search\">\n\t\t\t<form class=\"e-search-form\" action=\"https:\/\/vitalmutfak.com\/de\/\" method=\"get\">\n\n\t\t\t\t\n\t\t\t\t<label class=\"e-search-label\" for=\"search-3bf65c5\">\n\t\t\t\t\t<span class=\"elementor-screen-only\">\n\t\t\t\t\t\tSuche\t\t\t\t\t<\/span>\n\t\t\t\t\t\t\t\t\t<\/label>\n\n\t\t\t\t<div class=\"e-search-input-wrapper\">\n\t\t\t\t\t<input id=\"search-3bf65c5\" placeholder=\"Tippen Sie, um die Suche zu starten...\" class=\"e-search-input\" type=\"search\" name=\"s\" value=\"\" autocomplete=\"off\" role=\"combobox\" aria-autocomplete=\"list\" aria-expanded=\"false\" aria-controls=\"results-3bf65c5\" aria-haspopup=\"listbox\">\n\t\t\t\t\t<svg aria-hidden=\"true\" class=\"e-font-icon-svg e-fas-times\" viewBox=\"0 0 352 512\" xmlns=\"http:\/\/www.w3.org\/2000\/svg\"><path d=\"M242.72 256l100.07-100.07c12.28-12.28 12.28-32.19 0-44.48l-22.24-22.24c-12.28-12.28-32.19-12.28-44.48 0L176 189.28 75.93 89.21c-12.28-12.28-32.19-12.28-44.48 0L9.21 111.45c-12.28 12.28-12.28 32.19 0 44.48L109.28 256 9.21 356.07c-12.28 12.28-12.28 32.19 0 44.48l22.24 22.24c12.28 12.28 32.2 12.28 44.48 0L176 322.72l100.07 100.07c12.28 12.28 32.2 12.28 44.48 0l22.24-22.24c12.28-12.28 12.28-32.19 0-44.48L242.72 256z\"><\/path><\/svg>\t\t\t\t\t\t\t\t\t\t<output id=\"results-3bf65c5\" class=\"e-search-results-container hide-loader\" aria-live=\"polite\" aria-atomic=\"true\" aria-label=\"Ergebnisse f\u00fcr die Suche\" tabindex=\"0\">\n\t\t\t\t\t\t<div class=\"e-search-results\"><\/div>\n\t\t\t\t\t\t\t\t\t\t\t<\/output>\n\t\t\t\t\t\t\t\t\t<\/div>\n\t\t\t\t\n\t\t\t\t\n\t\t\t\t<button class=\"e-search-submit  \" type=\"submit\">\n\t\t\t\t\t\n\t\t\t\t\t\t\t\t\t\t<span class=\"\">\n\t\t\t\t\t\tSuche\t\t\t\t\t<\/span>\n\t\t\t\t\t\t\t\t\t<\/button>\n\t\t\t\t<input type=\"hidden\" name=\"e_search_props\" value=\"3bf65c5-36707\">\n\t\t\t<\/form>\n\t\t<\/search>\n\t\t\t\t\t\t<\/div>\n\t\t\t\t<\/div>\n\t\t\t\t<div class=\"elementor-element elementor-element-05f1125 elementor-absolute elementor-widget__width-initial elementor-widget elementor-widget-heading\" data-id=\"05f1125\" data-element_type=\"widget\" data-e-type=\"widget\" data-settings=\"{&quot;_position&quot;:&quot;absolute&quot;}\" data-widget_type=\"heading.default\">\n\t\t\t\t<div class=\"elementor-widget-container\">\n\t\t\t\t\t<div class=\"elementor-heading-title elementor-size-default\">Technologie, die 28 Jahre Erfahrung mit \u00c4sthetik und \u00c4sthetik mit Innovation verbindet<\/div>\t\t\t\t<\/div>\n\t\t\t\t<\/div>\n\t\t\t\t\t<\/div>\n\t\t\t\t<\/div>\n\t\t<div data-dce-background-color=\"#FFFFFF\" class=\"elementor-element elementor-element-a98b173  ui-fluid-animation-1 e-flex e-con-boxed e-con e-parent\" data-id=\"a98b173\" data-element_type=\"container\" data-e-type=\"container\" data-settings=\"{&quot;background_background&quot;:&quot;video&quot;,&quot;background_video_link&quot;:&quot;https:\\\/\\\/vitalmutfak.com\\\/wp-content\\\/uploads\\\/hakkimizda.mp4&quot;,&quot;background_play_on_mobile&quot;:&quot;yes&quot;,&quot;section_fluid_on&quot;:&quot;yes&quot;,&quot;uicore_fluid_animation&quot;:&quot;ui-fluid-animation-1&quot;}\">\n\t\t\t\t\t<div class=\"e-con-inner\">\n\t\t<div class=\"elementor-background-video-container\">\n\t\t\t\t\t\t\t<video class=\"elementor-background-video-hosted\" role=\"presentation\" autoplay muted playsinline loop><\/video>\n\t\t\t\t\t<\/div>\t\t\t<\/div>\n\t\t\t\t<\/div>\n\t\t<div data-dce-background-color=\"#FFFAFA\" class=\"elementor-element elementor-element-45f6916 e-grid e-con-boxed e-con e-parent\" data-id=\"45f6916\" data-element_type=\"container\" data-e-type=\"container\" data-settings=\"{&quot;background_background&quot;:&quot;classic&quot;}\">\n\t\t\t\t\t<div class=\"e-con-inner\">\n\t\t<div class=\"elementor-element elementor-element-460c085 e-con-full e-flex e-con e-child\" data-id=\"460c085\" data-element_type=\"container\" data-e-type=\"container\" data-settings=\"{&quot;background_background&quot;:&quot;slideshow&quot;,&quot;background_slideshow_gallery&quot;:[],&quot;background_slideshow_slide_duration&quot;:5000,&quot;background_slideshow_slide_transition&quot;:&quot;fade&quot;,&quot;background_slideshow_transition_duration&quot;:500}\">\n\t\t\t\t<div class=\"elementor-element elementor-element-c8309bb elementor-invisible elementor-widget elementor-widget-image\" data-id=\"c8309bb\" data-element_type=\"widget\" data-e-type=\"widget\" data-settings=\"{&quot;_animation&quot;:&quot;fadeIn&quot;}\" data-widget_type=\"image.default\">\n\t\t\t\t<div class=\"elementor-widget-container\">\n\t\t\t\t\t\t\t\t\t\t\t\t\t\t\t\t<a href=\"https:\/\/vitalmutfak.com\/de\/urun-kategori\/endustriyel-mutfak-ekipmanlari-de-2\/herde\/\">\n\t\t\t\t\t\t\t<img fetchpriority=\"high\" decoding=\"async\" width=\"568\" height=\"567\" src=\"https:\/\/vitalmutfak.com\/wp-content\/uploads\/Asset-6.png\" class=\"attachment-large size-large wp-image-69699\" alt=\"\" srcset=\"https:\/\/vitalmutfak.com\/wp-content\/uploads\/Asset-6.png 568w, https:\/\/vitalmutfak.com\/wp-content\/uploads\/Asset-6-150x150.png 150w\" sizes=\"(max-width: 568px) 100vw, 568px\" \/>\t\t\t\t\t\t\t\t<\/a>\n\t\t\t\t\t\t\t\t\t\t\t\t\t\t\t<\/div>\n\t\t\t\t<\/div>\n\t\t\t\t<\/div>\n\t\t<div class=\"elementor-element elementor-element-ac0b30d e-con-full e-flex e-con e-child\" data-id=\"ac0b30d\" data-element_type=\"container\" data-e-type=\"container\">\n\t\t\t\t<div class=\"elementor-element elementor-element-e578b53 elementor-invisible elementor-widget elementor-widget-image\" data-id=\"e578b53\" data-element_type=\"widget\" data-e-type=\"widget\" data-settings=\"{&quot;_animation&quot;:&quot;fadeIn&quot;}\" data-widget_type=\"image.default\">\n\t\t\t\t<div class=\"elementor-widget-container\">\n\t\t\t\t\t\t\t\t\t\t\t\t\t\t\t\t<a href=\"https:\/\/vitalmutfak.com\/de\/urun-kategori\/endustriyel-mutfak-ekipmanlari-de-2\/firinlar-de\/\">\n\t\t\t\t\t\t\t<img decoding=\"async\" width=\"568\" height=\"567\" src=\"https:\/\/vitalmutfak.com\/wp-content\/uploads\/Asset-7.png\" class=\"attachment-large size-large wp-image-69706\" alt=\"\" srcset=\"https:\/\/vitalmutfak.com\/wp-content\/uploads\/Asset-7.png 568w, https:\/\/vitalmutfak.com\/wp-content\/uploads\/Asset-7-150x150.png 150w\" sizes=\"(max-width: 568px) 100vw, 568px\" \/>\t\t\t\t\t\t\t\t<\/a>\n\t\t\t\t\t\t\t\t\t\t\t\t\t\t\t<\/div>\n\t\t\t\t<\/div>\n\t\t\t\t<\/div>\n\t\t<div class=\"elementor-element elementor-element-79977c1 e-con-full e-flex e-con e-child\" data-id=\"79977c1\" data-element_type=\"container\" data-e-type=\"container\">\n\t\t\t\t<div class=\"elementor-element elementor-element-a536812 elementor-invisible elementor-widget elementor-widget-image\" data-id=\"a536812\" data-element_type=\"widget\" data-e-type=\"widget\" data-settings=\"{&quot;_animation&quot;:&quot;fadeIn&quot;}\" data-widget_type=\"image.default\">\n\t\t\t\t<div class=\"elementor-widget-container\">\n\t\t\t\t\t\t\t\t\t\t\t\t\t\t\t\t<a href=\"https:\/\/vitalmutfak.com\/de\/urun-kategori\/kuhlraumausrustung\/\">\n\t\t\t\t\t\t\t<img decoding=\"async\" width=\"568\" height=\"567\" src=\"https:\/\/vitalmutfak.com\/wp-content\/uploads\/Asset-8.png\" class=\"attachment-large size-large wp-image-69713\" alt=\"\" srcset=\"https:\/\/vitalmutfak.com\/wp-content\/uploads\/Asset-8.png 568w, https:\/\/vitalmutfak.com\/wp-content\/uploads\/Asset-8-150x150.png 150w\" sizes=\"(max-width: 568px) 100vw, 568px\" \/>\t\t\t\t\t\t\t\t<\/a>\n\t\t\t\t\t\t\t\t\t\t\t\t\t\t\t<\/div>\n\t\t\t\t<\/div>\n\t\t\t\t<\/div>\n\t\t<div class=\"elementor-element elementor-element-9642b78 e-con-full e-flex e-con e-child\" data-id=\"9642b78\" data-element_type=\"container\" data-e-type=\"container\">\n\t\t\t\t<div class=\"elementor-element elementor-element-3caac6a elementor-invisible elementor-widget elementor-widget-image\" data-id=\"3caac6a\" data-element_type=\"widget\" data-e-type=\"widget\" data-settings=\"{&quot;_animation&quot;:&quot;fadeIn&quot;}\" data-widget_type=\"image.default\">\n\t\t\t\t<div class=\"elementor-widget-container\">\n\t\t\t\t\t\t\t\t\t\t\t\t\t\t\t\t<a href=\"https:\/\/vitalmutfak.com\/de\/urun-kategori\/endustriyel-mutfak-ekipmanlari-de-2\/bulasikhane-ekipmanlari-de-2\/\">\n\t\t\t\t\t\t\t<img loading=\"lazy\" decoding=\"async\" width=\"568\" height=\"567\" src=\"https:\/\/vitalmutfak.com\/wp-content\/uploads\/Asset-9.png\" class=\"attachment-large size-large wp-image-69720\" alt=\"\" srcset=\"https:\/\/vitalmutfak.com\/wp-content\/uploads\/Asset-9.png 568w, https:\/\/vitalmutfak.com\/wp-content\/uploads\/Asset-9-150x150.png 150w\" sizes=\"(max-width: 568px) 100vw, 568px\" \/>\t\t\t\t\t\t\t\t<\/a>\n\t\t\t\t\t\t\t\t\t\t\t\t\t\t\t<\/div>\n\t\t\t\t<\/div>\n\t\t\t\t<\/div>\n\t\t<div class=\"elementor-element elementor-element-88cf7b5 e-con-full e-flex e-con e-child\" data-id=\"88cf7b5\" data-element_type=\"container\" data-e-type=\"container\">\n\t\t\t\t<div class=\"elementor-element elementor-element-c80f1b8 elementor-invisible elementor-widget elementor-widget-image\" data-id=\"c80f1b8\" data-element_type=\"widget\" data-e-type=\"widget\" data-settings=\"{&quot;_animation&quot;:&quot;fadeIn&quot;}\" data-widget_type=\"image.default\">\n\t\t\t\t<div class=\"elementor-widget-container\">\n\t\t\t\t\t\t\t\t\t\t\t\t\t\t\t\t<a href=\"https:\/\/vitalmutfak.com\/de\/urun-kategori\/endustriyel-mutfak-ekipmanlari-de-2\/notr-ekipmanlar-de\/\">\n\t\t\t\t\t\t\t<img loading=\"lazy\" decoding=\"async\" width=\"568\" height=\"568\" src=\"https:\/\/vitalmutfak.com\/wp-content\/uploads\/Asset-10.png\" class=\"attachment-large size-large wp-image-69727\" alt=\"\" srcset=\"https:\/\/vitalmutfak.com\/wp-content\/uploads\/Asset-10.png 568w, https:\/\/vitalmutfak.com\/wp-content\/uploads\/Asset-10-150x150.png 150w\" sizes=\"(max-width: 568px) 100vw, 568px\" \/>\t\t\t\t\t\t\t\t<\/a>\n\t\t\t\t\t\t\t\t\t\t\t\t\t\t\t<\/div>\n\t\t\t\t<\/div>\n\t\t\t\t<\/div>\n\t\t<div class=\"elementor-element elementor-element-3b7a719 e-con-full e-flex e-con e-child\" data-id=\"3b7a719\" data-element_type=\"container\" data-e-type=\"container\">\n\t\t\t\t<div class=\"elementor-element elementor-element-c5043e5 elementor-invisible elementor-widget elementor-widget-image\" data-id=\"c5043e5\" data-element_type=\"widget\" data-e-type=\"widget\" data-settings=\"{&quot;_animation&quot;:&quot;fadeIn&quot;}\" data-widget_type=\"image.default\">\n\t\t\t\t<div class=\"elementor-widget-container\">\n\t\t\t\t\t\t\t\t\t\t\t\t\t\t\t\t<a href=\"https:\/\/vitalmutfak.com\/de\/urun-kategori\/waschereiausrustung\/\">\n\t\t\t\t\t\t\t<img loading=\"lazy\" decoding=\"async\" width=\"568\" height=\"567\" src=\"https:\/\/vitalmutfak.com\/wp-content\/uploads\/Asset-11.png\" class=\"attachment-large size-large wp-image-69734\" alt=\"\" srcset=\"https:\/\/vitalmutfak.com\/wp-content\/uploads\/Asset-11.png 568w, https:\/\/vitalmutfak.com\/wp-content\/uploads\/Asset-11-150x150.png 150w\" sizes=\"(max-width: 568px) 100vw, 568px\" \/>\t\t\t\t\t\t\t\t<\/a>\n\t\t\t\t\t\t\t\t\t\t\t\t\t\t\t<\/div>\n\t\t\t\t<\/div>\n\t\t\t\t<\/div>\n\t\t\t\t\t<\/div>\n\t\t\t\t<\/div>\n\t\t<div data-dce-background-image-url=\"https:\/\/vitalmutfak.com\/wp-content\/uploads\/gensai-bg-2-2.webp\" class=\"elementor-element elementor-element-1fa6e23 e-flex e-con-boxed e-con e-parent\" data-id=\"1fa6e23\" data-element_type=\"container\" data-e-type=\"container\" data-settings=\"{&quot;background_background&quot;:&quot;classic&quot;,&quot;shape_divider_top&quot;:&quot;book&quot;,&quot;shape_divider_top_negative&quot;:&quot;yes&quot;}\">\n\t\t\t\t\t<div class=\"e-con-inner\">\n\t\t\t\t<div class=\"elementor-shape elementor-shape-top\" aria-hidden=\"true\" data-negative=\"true\">\n\t\t\t<svg xmlns=\"http:\/\/www.w3.org\/2000\/svg\" viewBox=\"0 0 1000 100\" preserveAspectRatio=\"none\">\n\t<path class=\"elementor-shape-fill\" d=\"M806,94.7C619.5,90,500,20.3,500,1.7c-1,18.6-117.5,88.3-306,93C92,97.2,0,97.9,0,97.9v-0l0,0v2.3h1000v-2.3 C1000,97.7,920.3,97.6,806,94.7z M350,65.1L350,65.1L350,65.1L350,65.1z\"\/>\n<\/svg>\n\t\t<\/div>\n\t\t<div class=\"elementor-element elementor-element-5e9bc771 e-con-full e-flex e-con e-child\" data-id=\"5e9bc771\" data-element_type=\"container\" data-e-type=\"container\">\n\t\t<div data-dce-background-image-url=\"https:\/\/vitalmutfak.com\/wp-content\/uploads\/gensai-graphic-11.webp\" class=\"elementor-element elementor-element-4592180b e-con-full e-flex elementor-invisible e-con e-child\" data-id=\"4592180b\" data-element_type=\"container\" data-e-type=\"container\" data-settings=\"{&quot;background_background&quot;:&quot;classic&quot;,&quot;animation_delay&quot;:250,&quot;animation&quot;:&quot;fadeInLeft&quot;}\">\n\t\t\t\t<div class=\"elementor-element elementor-element-6d3592b5 elementor-widget__width-initial elementor-widget elementor-widget-heading\" data-id=\"6d3592b5\" data-element_type=\"widget\" data-e-type=\"widget\" data-widget_type=\"heading.default\">\n\t\t\t\t<div class=\"elementor-widget-container\">\n\t\t\t\t\t<h3 class=\"elementor-heading-title elementor-size-default\">\u00c4sthetik, Qualit\u00e4t, Innovation und Technologie<\/h3>\t\t\t\t<\/div>\n\t\t\t\t<\/div>\n\t\t\t\t<\/div>\n\t\t<div data-dce-background-image-url=\"https:\/\/vitalmutfak.com\/wp-content\/uploads\/Gemini_Generated_Image_38ozlm38ozlm38oz.png\" class=\"elementor-element elementor-element-3aaac13a e-con-full e-flex elementor-invisible e-con e-child\" data-id=\"3aaac13a\" data-element_type=\"container\" data-e-type=\"container\" data-settings=\"{&quot;background_background&quot;:&quot;classic&quot;,&quot;animation_delay&quot;:500,&quot;animation&quot;:&quot;fadeInRight&quot;}\">\n\t\t\t\t<\/div>\n\t\t\t\t<\/div>\n\t\t<div class=\"elementor-element elementor-element-68bdc89f e-con-full e-flex e-con e-child\" data-id=\"68bdc89f\" data-element_type=\"container\" data-e-type=\"container\">\n\t\t<div data-dce-background-image-url=\"https:\/\/vitalmutfak.com\/wp-content\/uploads\/DSCF7530-scaled.png\" class=\"elementor-element elementor-element-5bc3db06 e-con-full e-flex elementor-invisible e-con e-child\" data-id=\"5bc3db06\" data-element_type=\"container\" data-e-type=\"container\" data-settings=\"{&quot;background_background&quot;:&quot;classic&quot;,&quot;animation_delay&quot;:750,&quot;animation&quot;:&quot;fadeInLeft&quot;}\">\n\t\t\t\t<\/div>\n\t\t<div data-dce-background-image-url=\"https:\/\/vitalmutfak.com\/wp-content\/uploads\/gensai-graphic-11.webp\" class=\"elementor-element elementor-element-48f97cd9 e-con-full e-flex elementor-invisible e-con e-child\" data-id=\"48f97cd9\" data-element_type=\"container\" data-e-type=\"container\" data-settings=\"{&quot;background_background&quot;:&quot;classic&quot;,&quot;animation_delay&quot;:1000,&quot;animation&quot;:&quot;fadeInRight&quot;}\">\n\t\t\t\t<div class=\"elementor-element elementor-element-769f9fa1 elementor-widget__width-initial elementor-widget elementor-widget-heading\" data-id=\"769f9fa1\" data-element_type=\"widget\" data-e-type=\"widget\" data-widget_type=\"heading.default\">\n\t\t\t\t<div class=\"elementor-widget-container\">\n\t\t\t\t\t<h3 class=\"elementor-heading-title elementor-size-default\">Ihr L\u00f6sungspartner, der einen Unterschied macht<\/h3>\t\t\t\t<\/div>\n\t\t\t\t<\/div>\n\t\t\t\t<\/div>\n\t\t\t\t<\/div>\n\t\t<div class=\"elementor-element elementor-element-3c7bbbb7 e-con-full e-flex e-con e-child\" data-id=\"3c7bbbb7\" data-element_type=\"container\" data-e-type=\"container\">\n\t\t<div data-dce-background-image-url=\"https:\/\/vitalmutfak.com\/wp-content\/uploads\/gensai-graphic-11.webp\" class=\"elementor-element elementor-element-7bc86e67 e-con-full e-flex elementor-invisible e-con e-child\" data-id=\"7bc86e67\" data-element_type=\"container\" data-e-type=\"container\" data-settings=\"{&quot;background_background&quot;:&quot;classic&quot;,&quot;animation_delay&quot;:1250,&quot;animation&quot;:&quot;fadeInLeft&quot;}\">\n\t\t\t\t<div class=\"elementor-element elementor-element-7c47ea1d elementor-widget__width-initial elementor-widget elementor-widget-heading\" data-id=\"7c47ea1d\" data-element_type=\"widget\" data-e-type=\"widget\" data-widget_type=\"heading.default\">\n\t\t\t\t<div class=\"elementor-widget-container\">\n\t\t\t\t\t<h3 class=\"elementor-heading-title elementor-size-default\">Von Profis, nur f\u00fcr Profis<\/h3>\t\t\t\t<\/div>\n\t\t\t\t<\/div>\n\t\t\t\t<\/div>\n\t\t<div data-dce-background-image-url=\"https:\/\/vitalmutfak.com\/wp-content\/uploads\/WhatsApp-Image-2025-12-01-at-10.19-e1764574587879.png\" class=\"elementor-element elementor-element-cab686 e-con-full e-flex elementor-invisible e-con e-child\" data-id=\"cab686\" data-element_type=\"container\" data-e-type=\"container\" data-settings=\"{&quot;background_background&quot;:&quot;classic&quot;,&quot;animation_delay&quot;:1500,&quot;animation&quot;:&quot;fadeInRight&quot;}\">\n\t\t\t\t<\/div>\n\t\t\t\t<\/div>\n\t\t\t\t\t<\/div>\n\t\t\t\t<\/div>\n\t\t<div class=\"elementor-element elementor-element-2ee1431 e-flex e-con-boxed e-con e-parent\" data-id=\"2ee1431\" data-element_type=\"container\" data-e-type=\"container\" data-settings=\"{&quot;background_background&quot;:&quot;classic&quot;}\">\n\t\t\t\t\t<div class=\"e-con-inner\">\n\t\t\t\t<div class=\"elementor-element elementor-element-bbd5e9d elementor-widget__width-initial elementor-widget elementor-widget-text-editor\" data-id=\"bbd5e9d\" data-element_type=\"widget\" data-e-type=\"widget\" data-widget_type=\"text-editor.default\">\n\t\t\t\t<div class=\"elementor-widget-container\">\n\t\t\t\t\t\t\t\t\t<p><em><strong>B\u00fcro der Zentrale<\/strong><\/em><a href=\"https:\/\/maps.app.goo.gl\/M6zRYMv3Dc8kEjaZ7\" target=\"_blank\" rel=\"noopener\"><br>Plevne Cad. Nr:40\/C<br> G\u00fclveren\/Mamak\/ANKARA <\/a><\/p>\t\t\t\t\t\t\t\t<\/div>\n\t\t\t\t<\/div>\n\t\t\t\t<div class=\"elementor-element elementor-element-1e3eae0 elementor-widget__width-initial elementor-widget elementor-widget-text-editor\" data-id=\"1e3eae0\" data-element_type=\"widget\" data-e-type=\"widget\" data-widget_type=\"text-editor.default\">\n\t\t\t\t<div class=\"elementor-widget-container\">\n\t\t\t\t\t\t\t\t\t<p><em><strong>Fabrik<\/strong><\/em><a href=\"https:\/\/maps.app.goo.gl\/uLttgNoHp92ZXVsPA\" target=\"_blank\" rel=\"noopener\"><br>Ta\u015fp\u0131nar Dorf Mevkii<br>Nr: 154 \u00c7ubuk\/ANKARA<\/a><\/p>\t\t\t\t\t\t\t\t<\/div>\n\t\t\t\t<\/div>\n\t\t\t\t\t<\/div>\n\t\t\t\t<\/div>\n\t\t<div class=\"elementor-element elementor-element-fa69206 e-flex e-con-boxed e-con e-parent\" data-id=\"fa69206\" data-element_type=\"container\" data-e-type=\"container\">\n\t\t\t\t\t<div class=\"e-con-inner\">\n\t\t\t\t<div class=\"elementor-element elementor-element-b725e4b elementor-widget__width-initial elementor-widget elementor-widget-google_maps\" data-id=\"b725e4b\" data-element_type=\"widget\" data-e-type=\"widget\" data-widget_type=\"google_maps.default\">\n\t\t\t\t<div class=\"elementor-widget-container\">\n\t\t\t\t\t\t\t<div class=\"elementor-custom-embed\">\n\t\t\t<iframe loading=\"lazy\"\n\t\t\t\t\tsrc=\"https:\/\/maps.google.com\/maps?q=G%C3%BClveren%2C%20Plevne%20Cd.%20No%3A40%2FC%2C%2006340%20Mamak%2FAnkara&#038;t=m&#038;z=15&#038;output=embed&#038;iwloc=near\"\n\t\t\t\t\ttitle=\"G\u00fclveren, Plevne Cd. No:40\/C, 06340 Mamak\/Ankara\"\n\t\t\t\t\taria-label=\"G\u00fclveren, Plevne Cd. No:40\/C, 06340 Mamak\/Ankara\"\n\t\t\t><\/iframe>\n\t\t<\/div>\n\t\t\t\t\t\t<\/div>\n\t\t\t\t<\/div>\n\t\t\t\t<div class=\"elementor-element elementor-element-f4ada93 elementor-widget__width-initial elementor-widget elementor-widget-google_maps\" data-id=\"f4ada93\" data-element_type=\"widget\" data-e-type=\"widget\" data-widget_type=\"google_maps.default\">\n\t\t\t\t<div class=\"elementor-widget-container\">\n\t\t\t\t\t\t\t<div class=\"elementor-custom-embed\">\n\t\t\t<iframe loading=\"lazy\"\n\t\t\t\t\tsrc=\"https:\/\/maps.google.com\/maps?q=Ta%C5%9Fp%C4%B1nar%2C%20K%C3%B6y%C3%BC%20Mevkii%20No%3A%20154%2C%2006760%20%C3%87ubuk%2FAnkara&#038;t=m&#038;z=15&#038;output=embed&#038;iwloc=near\"\n\t\t\t\t\ttitle=\"Ta\u015fp\u0131nar, K\u00f6y\u00fc Mevkii No: 154, 06760 \u00c7ubuk\/Ankara\"\n\t\t\t\t\taria-label=\"Ta\u015fp\u0131nar, K\u00f6y\u00fc Mevkii No: 154, 06760 \u00c7ubuk\/Ankara\"\n\t\t\t><\/iframe>\n\t\t<\/div>\n\t\t\t\t\t\t<\/div>\n\t\t\t\t<\/div>\n\t\t\t\t\t<\/div>\n\t\t\t\t<\/div>\n\t\t<div class=\"elementor-element elementor-element-c1344a3 e-flex e-con-boxed e-con e-parent\" data-id=\"c1344a3\" data-element_type=\"container\" data-e-type=\"container\">\n\t\t\t\t\t<div class=\"e-con-inner\">\n\t\t\t\t<div class=\"elementor-element elementor-element-b9f1b5e elementor-widget elementor-widget-html\" data-id=\"b9f1b5e\" data-element_type=\"widget\" data-e-type=\"widget\" data-widget_type=\"html.default\">\n\t\t\t\t<div class=\"elementor-widget-container\">\n\t\t\t\t\t<script type=\"application\/ld+json\">{\n  \"@context\": \"https:\/\/schema.org\",\n  \"@type\": \"Organization\",\n  \"name\": \"Vital Mutfak\",\n  \"legalName\": \"Muta\u015f End\u00fcstriyel Mutfak San. Tic. A.\u015e.\",\n  \"alternateName\": \"Muta\u015f Group\",\n  \"url\": \"https:\/\/vitalmutfak.com\",\n  \"description\": \"Ankara merkezli end\u00fcstriyel mutfak proje, \u00fcretim ve ihracat firmas\u0131.\",\n  \"address\": {\n    \"@type\": \"PostalAddress\",\n    \"streetAddress\": \"Plevne Cad. No:40\/C G\u00fclveren\/Mamak\",\n    \"addressLocality\": \"Ankara\",\n    \"addressCountry\": \"TR\"\n  },\n  \"sameAs\": [\n    \"https:\/\/www.instagram.com\/vitalmutfak\",\n    \"https:\/\/www.facebook.com\/vitalmutfak\"\n  ]\n}\n<\/script>\t\t\t\t<\/div>\n\t\t\t\t<\/div>\n\t\t\t\t\t<\/div>\n\t\t\t\t<\/div>\n\t\t<div class=\"elementor-element elementor-element-d563218 e-flex e-con-boxed e-con e-parent\" data-id=\"d563218\" data-element_type=\"container\" data-e-type=\"container\">\n\t\t\t\t\t<div class=\"e-con-inner\">\n\t\t\t\t<div class=\"elementor-element elementor-element-db615c5 section-title-style-style1 elementor-widget elementor-widget-tpg-section-title\" data-id=\"db615c5\" data-element_type=\"widget\" data-e-type=\"widget\" data-widget_type=\"tpg-section-title.default\">\n\t\t\t\t<div class=\"elementor-widget-container\">\n\t\t\t\t\t\t\t<div class=\"rt-container-fluid rt-tpg-container tpg-el-main-wrapper clearfix  section-title-style-style1\">\n\t\t\t<div class='tpg-header-wrapper'>\n        <div class=\"tpg-widget-heading-wrapper rt-clear heading-style1 \">\n            <span class=\"tpg-widget-heading-line line-left\"><\/span>\n            <h2 class='tpg-widget-heading'>\n            \n                                    <span>\n\t\t\t\t\t\tSection Title\t\t\t\t\t<\/span>\n                    \n                            <\/h2>            <span class=\"tpg-widget-heading-line line-right\"><\/span>\n\n            \n        <\/div>\n\n        \n        <\/div>\t\t<\/div>\n\t\t\t\t\t\t<\/div>\n\t\t\t\t<\/div>\n\t\t\t\t\t<\/div>\n\t\t\t\t<\/div>\n\t\t\t\t<\/div>\n\t\t","protected":false},"excerpt":{"rendered":"<p>Ara Suche Technologie, die 28 Jahre Erfahrung mit \u00c4sthetik und \u00c4sthetik mit Innovation verbindet \u00c4sthetik, Qualit\u00e4t, Innovation und Technologie Ihr L\u00f6sungspartner, der einen Unterschied macht Von Profis, nur f\u00fcr Profis B\u00fcro der ZentralePlevne Cad. Nr:40\/C G\u00fclveren\/Mamak\/ANKARA FabrikTa\u015fp\u0131nar Dorf MevkiiNr: 154 \u00c7ubuk\/ANKARA Section Title<\/p>\n","protected":false},"author":1,"featured_media":0,"parent":0,"menu_order":0,"comment_status":"closed","ping_status":"closed","template":"","meta":{"_acf_changed":false,"footnotes":""},"class_list":["post-36707","page","type-page","status-publish","hentry"],"acf":[],"rttpg_featured_image_url":null,"rttpg_author":{"display_name":"admin","author_link":"https:\/\/vitalmutfak.com\/de\/author\/demo_f37jglsm\/"},"rttpg_comment":0,"rttpg_category":" <a href=\"https:\/\/vitalmutfak.com\/de\/?taxonomy=translation_priority&#038;term=optional-de\" rel=\"tag\">Optional<\/a>","rttpg_excerpt":"Ara Suche Technologie, die 28 Jahre Erfahrung mit \u00c4sthetik und \u00c4sthetik mit Innovation verbindet \u00c4sthetik, Qualit\u00e4t, Innovation und Technologie Ihr L\u00f6sungspartner, der einen Unterschied macht Von Profis, nur f\u00fcr Profis B\u00fcro der ZentralePlevne Cad. Nr:40\/C G\u00fclveren\/Mamak\/ANKARA FabrikTa\u015fp\u0131nar Dorf MevkiiNr: 154 \u00c7ubuk\/ANKARA Section Title","_links":{"self":[{"href":"https:\/\/vitalmutfak.com\/de\/wp-json\/wp\/v2\/pages\/36707","targetHints":{"allow":["GET"]}}],"collection":[{"href":"https:\/\/vitalmutfak.com\/de\/wp-json\/wp\/v2\/pages"}],"about":[{"href":"https:\/\/vitalmutfak.com\/de\/wp-json\/wp\/v2\/types\/page"}],"author":[{"embeddable":true,"href":"https:\/\/vitalmutfak.com\/de\/wp-json\/wp\/v2\/users\/1"}],"replies":[{"embeddable":true,"href":"https:\/\/vitalmutfak.com\/de\/wp-json\/wp\/v2\/comments?post=36707"}],"version-history":[{"count":68,"href":"https:\/\/vitalmutfak.com\/de\/wp-json\/wp\/v2\/pages\/36707\/revisions"}],"predecessor-version":[{"id":69744,"href":"https:\/\/vitalmutfak.com\/de\/wp-json\/wp\/v2\/pages\/36707\/revisions\/69744"}],"wp:attachment":[{"href":"https:\/\/vitalmutfak.com\/de\/wp-json\/wp\/v2\/media?parent=36707"}],"curies":[{"name":"wp","href":"https:\/\/api.w.org\/{rel}","templated":true}]}}