{"id":55288,"date":"2025-11-20T11:44:18","date_gmt":"2025-11-20T08:44:18","guid":{"rendered":"https:\/\/vitalmutfak.com\/blog\/"},"modified":"2025-11-20T11:57:21","modified_gmt":"2025-11-20T08:57:21","slug":"blog","status":"publish","type":"page","link":"https:\/\/vitalmutfak.com\/de\/blog\/","title":{"rendered":"Blog"},"content":{"rendered":"\t\t<div data-elementor-type=\"wp-page\" data-elementor-id=\"55288\" class=\"elementor elementor-55288 elementor-55272\" data-elementor-post-type=\"page\">\n\t\t\t\t<div class=\"elementor-element elementor-element-867e0a2 e-flex e-con-boxed e-con e-parent\" data-id=\"867e0a2\" data-element_type=\"container\" data-e-type=\"container\">\n\t\t\t\t\t<div class=\"e-con-inner\">\n\t\t\t\t<div class=\"elementor-element elementor-element-0a91512 elementor-widget elementor-widget-elementskit-blog-posts\" data-id=\"0a91512\" data-element_type=\"widget\" data-e-type=\"widget\" data-widget_type=\"elementskit-blog-posts.default\">\n\t\t\t\t<div class=\"elementor-widget-container\">\n\t\t\t\t\t<div class=\"ekit-wid-con\" >        <div id=\"post-items--0a91512\" class=\"row post-items\">\n                    <div class=\"col-md-12\">\n\n                                    <div class=\"elementskit-blog-block-post\">\n                        <div class=\"row no-gutters\">\n                            \n                            <div class=\"col-md-12 order-2\">\n                                <div class=\"elementskit-post-body \">\n                                    <div class=\"elementskit-entry-header\">\n                                        \n                                                                                            \t\t\t\t\t                                            \n                                            \n                                                                                            \t\t\t\t<h2 class=\"entry-title\">\n\t\t\t\t\t<a href=\"https:\/\/vitalmutfak.com\/de\/leitfaden-zur-auswahl-von-industriespuelmaschinen-guillotine-oder-untergestell\/\">\n\t\t\t\t\t\tLeitfaden zur Auswahl von Industriesp\u00fclmaschinen: Guillotine oder Untergestell?\t\t\t\t\t<\/a>\n\t\t\t\t<\/h2>\n\t\t\t                                                                                <\/div><!-- .elementskit-entry-header END -->\n\n                                                                            <div class=\"elementskit-post-footer\">\n                                                                                            <p>Wenn Sie sich f\u00fcr Arbeitsplatten aus Edelstahl entscheiden, die das R\u00fcckgrat industrieller K\u00fcchen sind, sollten Sie die 5 goldenen Regeln beachten, wie z.B. die Qualit\u00e4t 304, die Blechst\u00e4rke und die Ergonomie.<\/p>\n                                                                                                                                <\/div><!-- .elementskit-post-footer END -->\n                                                                    <\/div><!-- .elementskit-post-body END -->\n                            <\/div>\n                        <\/div>\n                    <\/div><!-- .elementskit-blog-block-post .radius .gradient-bg END -->\n                \n            <\/div>\n                    <div class=\"col-md-12\">\n\n                                    <div class=\"elementskit-blog-block-post\">\n                        <div class=\"row no-gutters\">\n                            \n                            <div class=\"col-md-12 order-2\">\n                                <div class=\"elementskit-post-body \">\n                                    <div class=\"elementskit-entry-header\">\n                                        \n                                                                                            \t\t\t\t\t                                            \n                                            \n                                                                                            \t\t\t\t<h2 class=\"entry-title\">\n\t\t\t\t\t<a href=\"https:\/\/vitalmutfak.com\/de\/wie-berechnet-man-die-kosten-einer-restaurantkueche\/\">\n\t\t\t\t\t\tWie berechnet man die Kosten einer Restaurantk\u00fcche?\t\t\t\t\t<\/a>\n\t\t\t\t<\/h2>\n\t\t\t                                                                                <\/div><!-- .elementskit-entry-header END -->\n\n                                                                            <div class=\"elementskit-post-footer\">\n                                                                                            <p>Wie berechnet man die Kosten f\u00fcr eine Restaurantk\u00fcche? 2026 Vital Leitfaden f\u00fcr industrielle K\u00fcchen Einer der kritischsten Entscheidungspunkte bei Restaurantinvestitionen sind zweifelsohne die Kosten f\u00fcr eine Gro\u00dfk\u00fcche. Eine falsch geplante K\u00fccheninvestition kann die Rentabilit\u00e4t des Unternehmens in k\u00fcrzester Zeit durch Budget\u00fcberschreitungen, betriebliche Ineffizienz und hohe Energiekosten gef\u00e4hrden. Wir von Vital Mutfak, die wir seit 2026 [&hellip;]<\/p>\n                                                                                                                                <\/div><!-- .elementskit-post-footer END -->\n                                                                    <\/div><!-- .elementskit-post-body END -->\n                            <\/div>\n                        <\/div>\n                    <\/div><!-- .elementskit-blog-block-post .radius .gradient-bg END -->\n                \n            <\/div>\n                    <div class=\"col-md-12\">\n\n                                    <div class=\"elementskit-blog-block-post\">\n                        <div class=\"row no-gutters\">\n                                                            <div class=\"col-md-6 order-1\">\n                                    <a href=\"https:\/\/vitalmutfak.com\/de\/gas-oder-elektroherde\/\" class=\"elementskit-entry-thumb\">\n                                        <img decoding=\"async\" src=\"https:\/\/vitalmutfak.com\/wp-content\/uploads\/Gemini_Generated_Image_bnwvk2bnwvk2bnwv.png\" alt=\"Gas- oder Elektroherde?\">\n                                    <\/a><!-- .elementskit-entry-thumb END -->\n                                <\/div>\n                            \n                            <div class=\"col-md-6 order-2\">\n                                <div class=\"elementskit-post-body \">\n                                    <div class=\"elementskit-entry-header\">\n                                        \n                                                                                            \t\t\t\t\t                                            \n                                            \n                                                                                            \t\t\t\t<h2 class=\"entry-title\">\n\t\t\t\t\t<a href=\"https:\/\/vitalmutfak.com\/de\/gas-oder-elektroherde\/\">\n\t\t\t\t\t\tGas- oder Elektroherde?\t\t\t\t\t<\/a>\n\t\t\t\t<\/h2>\n\t\t\t                                                                                <\/div><!-- .elementskit-entry-header END -->\n\n                                                                            <div class=\"elementskit-post-footer\">\n                                                                                            <p>Gas- oder Elektroherde? Die wirtschaftlichere und effizientere Wahl f\u00fcr Ihr Unternehmen Das Herzst\u00fcck einer professionellen K\u00fcche ist zweifelsohne die Kochstation. Sie sind unverzichtbar f\u00fcr Restaurants, Hotels, Caf\u00e9s und Catering-Unternehmen und wirken sich direkt auf die Effizienz der K\u00fcche und die Betriebskosten aus. Eine der grundlegendsten Fragen, die sich bei einer Investition stellt, lautet jedoch: Ist [&hellip;]<\/p>\n                                                                                                                                <\/div><!-- .elementskit-post-footer END -->\n                                                                    <\/div><!-- .elementskit-post-body END -->\n                            <\/div>\n                        <\/div>\n                    <\/div><!-- .elementskit-blog-block-post .radius .gradient-bg END -->\n                \n            <\/div>\n                    <div class=\"col-md-12\">\n\n                                    <div class=\"elementskit-blog-block-post\">\n                        <div class=\"row no-gutters\">\n                                                            <div class=\"col-md-6 order-1\">\n                                    <a href=\"https:\/\/vitalmutfak.com\/de\/unterschiede-zwischen-umluftofen-und-normalem-backofen-welchen-sollten-sie-waehlen\/\" class=\"elementskit-entry-thumb\">\n                                        <img decoding=\"async\" src=\"https:\/\/vitalmutfak.com\/wp-content\/uploads\/Gemini_Generated_Image_ukpny8ukpny8ukpn.png\" alt=\"Unterschiede zwischen Umluftofen und normalem Backofen: Welchen sollten Sie w\u00e4hlen?\">\n                                    <\/a><!-- .elementskit-entry-thumb END -->\n                                <\/div>\n                            \n                            <div class=\"col-md-6 order-2\">\n                                <div class=\"elementskit-post-body \">\n                                    <div class=\"elementskit-entry-header\">\n                                        \n                                                                                            \t\t\t\t\t                                            \n                                            \n                                                                                            \t\t\t\t<h2 class=\"entry-title\">\n\t\t\t\t\t<a href=\"https:\/\/vitalmutfak.com\/de\/unterschiede-zwischen-umluftofen-und-normalem-backofen-welchen-sollten-sie-waehlen\/\">\n\t\t\t\t\t\tUnterschiede zwischen Umluftofen und normalem Backofen: Welchen sollten Sie w\u00e4hlen?\t\t\t\t\t<\/a>\n\t\t\t\t<\/h2>\n\t\t\t                                                                                <\/div><!-- .elementskit-entry-header END -->\n\n                                                                            <div class=\"elementskit-post-footer\">\n                                                                                            <p>Unterschiede zwischen Umluftofen und normalem Backofen: Welchen sollten Sie w\u00e4hlen? Eines der gr\u00f6\u00dften Fragezeichen, wenn Sie eine professionelle K\u00fcche einrichten oder die Qualit\u00e4t des Kochens zu Hause verbessern m\u00f6chten, ist die Wahl des Backofens. Viele Begriffe wie \"statisch\", \"Turbo\", \"Ventilator\" und \"Konvektion\" kursieren auf dem Markt. Vor allem in Gro\u00dfk\u00fcchen (Restaurant, Hotel, Konditorei) ist es [&hellip;]<\/p>\n                                                                                                                                <\/div><!-- .elementskit-post-footer END -->\n                                                                    <\/div><!-- .elementskit-post-body END -->\n                            <\/div>\n                        <\/div>\n                    <\/div><!-- .elementskit-blog-block-post .radius .gradient-bg END -->\n                \n            <\/div>\n                    <div class=\"col-md-12\">\n\n                                    <div class=\"elementskit-blog-block-post\">\n                        <div class=\"row no-gutters\">\n                                                            <div class=\"col-md-6 order-1\">\n                                    <a href=\"https:\/\/vitalmutfak.com\/de\/was-ist-eine-industriekueche\/\" class=\"elementskit-entry-thumb\">\n                                        <img decoding=\"async\" src=\"https:\/\/vitalmutfak.com\/wp-content\/uploads\/Gemini_Generated_Image_vkl6qhvkl6qhvkl6.png\" alt=\"Was ist eine Industriek\u00fcche?\">\n                                    <\/a><!-- .elementskit-entry-thumb END -->\n                                <\/div>\n                            \n                            <div class=\"col-md-6 order-2\">\n                                <div class=\"elementskit-post-body \">\n                                    <div class=\"elementskit-entry-header\">\n                                        \n                                                                                            \t\t\t\t\t                                            \n                                            \n                                                                                            \t\t\t\t<h2 class=\"entry-title\">\n\t\t\t\t\t<a href=\"https:\/\/vitalmutfak.com\/de\/was-ist-eine-industriekueche\/\">\n\t\t\t\t\t\tWas ist eine Industriek\u00fcche?\t\t\t\t\t<\/a>\n\t\t\t\t<\/h2>\n\t\t\t                                                                                <\/div><!-- .elementskit-entry-header END -->\n\n                                                                            <div class=\"elementskit-post-footer\">\n                                                                                            <p>Was ist eine Industriek\u00fcche? F\u00fcr Unternehmen K\u00fcchenf\u00fchrer f\u00fcr Profis Wenn Sie planen, ein Unternehmen im Lebensmittelbereich zu er\u00f6ffnen oder Ihre bestehende K\u00fcche zu erweitern, wird der erste Begriff, auf den Sie sto\u00dfen, zweifellos \"Gro\u00dfk\u00fcche\" sein. Doch was genau sind diese Systeme, die viel komplexer und leistungsf\u00e4higer zu sein scheinen als die K\u00fcchen in unseren Haushalten? [&hellip;]<\/p>\n                                                                                                                                <\/div><!-- .elementskit-post-footer END -->\n                                                                    <\/div><!-- .elementskit-post-body END -->\n                            <\/div>\n                        <\/div>\n                    <\/div><!-- .elementskit-blog-block-post .radius .gradient-bg END -->\n                \n            <\/div>\n                <\/div>\n       <\/div>\t\t\t\t<\/div>\n\t\t\t\t<\/div>\n\t\t\t\t\t<\/div>\n\t\t\t\t<\/div>\n\t\t\t\t<\/div>\n\t\t","protected":false},"excerpt":{"rendered":"<p>End\u00fcstriyel Mutfak Nedir ? End\u00fcstriyel Mutfak Nedir? End\u00fcstriyel mutfak, b\u00fcy\u00fck \u00f6l\u00e7ekli g\u0131da \u00fcretim ve servisinin yap\u0131ld\u0131\u011f\u0131\u00a0profesyonel mutfak\u00a0ortamlar\u0131n\u0131 tan\u0131mlayan bir terimdir. Restoranlar, oteller, hastaneler, catering firmalar\u0131 ve benzeri i\u015fletmelerde kullan\u0131lan end\u00fcstriyel mutfaklar, yo\u011fun talepleri kar\u015f\u0131layacak kapasitede ekipman ve d\u00fczenlemelere sahiptir. Bu mutfaklarda yer alan ekipmanlar, standart ev mutfaklar\u0131ndan farkl\u0131 olarak daha dayan\u0131kl\u0131, y\u00fcksek performansl\u0131 ve genellikle [&hellip;]<\/p>\n","protected":false},"author":2,"featured_media":0,"parent":0,"menu_order":0,"comment_status":"closed","ping_status":"closed","template":"","meta":{"_acf_changed":false,"footnotes":""},"class_list":["post-55288","page","type-page","status-publish","hentry"],"acf":[],"rttpg_featured_image_url":null,"rttpg_author":{"display_name":"vital","author_link":"https:\/\/vitalmutfak.com\/de\/author\/vital\/"},"rttpg_comment":0,"rttpg_category":"","rttpg_excerpt":"End\u00fcstriyel Mutfak Nedir ? End\u00fcstriyel Mutfak Nedir? End\u00fcstriyel mutfak, b\u00fcy\u00fck \u00f6l\u00e7ekli g\u0131da \u00fcretim ve servisinin yap\u0131ld\u0131\u011f\u0131\u00a0profesyonel mutfak\u00a0ortamlar\u0131n\u0131 tan\u0131mlayan bir terimdir. Restoranlar, oteller, hastaneler, catering firmalar\u0131 ve benzeri i\u015fletmelerde kullan\u0131lan end\u00fcstriyel mutfaklar, yo\u011fun talepleri kar\u015f\u0131layacak kapasitede ekipman ve d\u00fczenlemelere sahiptir. Bu mutfaklarda yer alan ekipmanlar, standart ev mutfaklar\u0131ndan farkl\u0131 olarak daha dayan\u0131kl\u0131, y\u00fcksek performansl\u0131 ve genellikle...","_links":{"self":[{"href":"https:\/\/vitalmutfak.com\/de\/wp-json\/wp\/v2\/pages\/55288","targetHints":{"allow":["GET"]}}],"collection":[{"href":"https:\/\/vitalmutfak.com\/de\/wp-json\/wp\/v2\/pages"}],"about":[{"href":"https:\/\/vitalmutfak.com\/de\/wp-json\/wp\/v2\/types\/page"}],"author":[{"embeddable":true,"href":"https:\/\/vitalmutfak.com\/de\/wp-json\/wp\/v2\/users\/2"}],"replies":[{"embeddable":true,"href":"https:\/\/vitalmutfak.com\/de\/wp-json\/wp\/v2\/comments?post=55288"}],"version-history":[{"count":2,"href":"https:\/\/vitalmutfak.com\/de\/wp-json\/wp\/v2\/pages\/55288\/revisions"}],"predecessor-version":[{"id":55336,"href":"https:\/\/vitalmutfak.com\/de\/wp-json\/wp\/v2\/pages\/55288\/revisions\/55336"}],"wp:attachment":[{"href":"https:\/\/vitalmutfak.com\/de\/wp-json\/wp\/v2\/media?parent=55288"}],"curies":[{"name":"wp","href":"https:\/\/api.w.org\/{rel}","templated":true}]}}