{"id":69780,"date":"2026-03-09T09:00:38","date_gmt":"2026-03-09T06:00:38","guid":{"rendered":"https:\/\/vitalmutfak.com\/expertenmeinung\/"},"modified":"2026-03-09T09:00:53","modified_gmt":"2026-03-09T06:00:53","slug":"expertenmeinung","status":"publish","type":"page","link":"https:\/\/vitalmutfak.com\/de\/expertenmeinung\/","title":{"rendered":"Expertenmeinung"},"content":{"rendered":"\t\t<div data-elementor-type=\"wp-page\" data-elementor-id=\"69780\" class=\"elementor elementor-69780 elementor-69753\" data-elementor-post-type=\"page\">\n\t\t\t\t<div class=\"elementor-element elementor-element-867e0a2 e-flex e-con-boxed e-con e-parent\" data-id=\"867e0a2\" data-element_type=\"container\" data-e-type=\"container\">\n\t\t\t\t\t<div class=\"e-con-inner\">\n\t\t\t\t<div class=\"elementor-element elementor-element-0a91512 elementor-widget elementor-widget-elementskit-blog-posts\" data-id=\"0a91512\" data-element_type=\"widget\" data-e-type=\"widget\" data-widget_type=\"elementskit-blog-posts.default\">\n\t\t\t\t<div class=\"elementor-widget-container\">\n\t\t\t\t\t<div class=\"ekit-wid-con\" >        <div id=\"post-items--0a91512\" class=\"row post-items\">\n                    <div class=\"col-md-12\">\n\n                                    <div class=\"elementskit-blog-block-post\">\n                        <div class=\"row no-gutters\">\n                                                            <div class=\"col-md-6 order-2\">\n                                    <a href=\"https:\/\/vitalmutfak.com\/de\/lebensmittelsicherheit-und-hygiene-in-grosskuechen\/\" class=\"elementskit-entry-thumb\">\n                                        <img decoding=\"async\" src=\"https:\/\/vitalmutfak.com\/wp-content\/uploads\/WhatsApp-Image-2025-12-08-at-15.31-810x1080.png\" alt=\"Lebensmittelsicherheit und Hygiene in Gro\u00dfk\u00fcchen\">\n                                    <\/a><!-- .elementskit-entry-thumb END -->\n                                <\/div>\n                            \n                            <div class=\"col-md-6 order-1\">\n                                <div class=\"elementskit-post-body \">\n                                    <div class=\"elementskit-entry-header\">\n                                        \n                                                                                            \t\t\t\t\t\t\t\t\t\t\t<div class=\"post-meta-list\">\n\t\t\t\t\t\t\t\t\t\t\t\t\t<\/div>\n\t\t\t\t\t                                            \n                                            \n                                                                                            \t\t\t\t<h2 class=\"entry-title\">\n\t\t\t\t\t<a href=\"https:\/\/vitalmutfak.com\/de\/lebensmittelsicherheit-und-hygiene-in-grosskuechen\/\">\n\t\t\t\t\t\tLebensmittelsicherheit und Hygiene in Gro\u00dfk\u00fcchen\t\t\t\t\t<\/a>\n\t\t\t\t<\/h2>\n\t\t\t                                                                                <\/div><!-- .elementskit-entry-header END -->\n\n                                                                            <div class=\"elementskit-post-footer\">\n                                                                                            <p>H\u00fcseyin OYANIK F&amp;E Einheit Verantwortlich Hygiene und Lebensmittelsicherheit in Gro\u00dfk\u00fcchen Sie ist ein ebenso wichtiger Faktor wie der Geschmack, den ein Unternehmen bietet. Denn ein einziger Hygieneversto\u00df kann zum Verlust von Kunden, zur Sch\u00e4digung des Rufs und zu ernsthaften rechtlichen Sanktionen f\u00fchren. Daher sind Prozessmanagement, Ger\u00e4tequalit\u00e4t und Personalschulung in Gro\u00dfk\u00fcchen von entscheidender Bedeutung. In diesem [&hellip;]<\/p>\n                                                                                                                                <\/div><!-- .elementskit-post-footer END -->\n                                                                    <\/div><!-- .elementskit-post-body END -->\n                            <\/div>\n                        <\/div>\n                    <\/div><!-- .elementskit-blog-block-post .radius .gradient-bg END -->\n                \n            <\/div>\n                <\/div>\n       <\/div>\t\t\t\t<\/div>\n\t\t\t\t<\/div>\n\t\t\t\t\t<\/div>\n\t\t\t\t<\/div>\n\t\t\t\t<\/div>\n\t\t","protected":false},"excerpt":{"rendered":"<p>End\u00fcstriyel Mutfaklarda G\u0131da G\u00fcvenli\u011fi ve Hijyen H\u00fcseyin OYANIK AR-GE Birim Sorumlusu End\u00fcstriyel mutfaklarda hijyen ve g\u0131da g\u00fcvenli\u011fi Bir i\u015fletmenin sundu\u011fu lezzet kadar kritik bir fakt\u00f6rd\u00fcr. \u00c7\u00fcnk\u00fc tek bir hijyen ihlali; m\u00fc\u015fteri kayb\u0131na, itibar zedelenmesine ve ciddi yasal yapt\u0131r\u0131mlara neden olabilir. Bu nedenle profesyonel mutfaklarda s\u00fcre\u00e7 y\u00f6netimi, ekipman kalitesi ve personel e\u011fitimi hayati \u00f6nem ta\u015f\u0131r.Bu kapsamda, [&hellip;]<\/p>\n","protected":false},"author":2,"featured_media":0,"parent":0,"menu_order":0,"comment_status":"closed","ping_status":"closed","template":"","meta":{"_acf_changed":false,"footnotes":""},"class_list":["post-69780","page","type-page","status-publish","hentry"],"acf":[],"rttpg_featured_image_url":null,"rttpg_author":{"display_name":"vital","author_link":"https:\/\/vitalmutfak.com\/de\/author\/vital\/"},"rttpg_comment":0,"rttpg_category":"","rttpg_excerpt":"End\u00fcstriyel Mutfaklarda G\u0131da G\u00fcvenli\u011fi ve Hijyen H\u00fcseyin OYANIK AR-GE Birim Sorumlusu End\u00fcstriyel mutfaklarda hijyen ve g\u0131da g\u00fcvenli\u011fi Bir i\u015fletmenin sundu\u011fu lezzet kadar kritik bir fakt\u00f6rd\u00fcr. \u00c7\u00fcnk\u00fc tek bir hijyen ihlali; m\u00fc\u015fteri kayb\u0131na, itibar zedelenmesine ve ciddi yasal yapt\u0131r\u0131mlara neden olabilir. Bu nedenle profesyonel mutfaklarda s\u00fcre\u00e7 y\u00f6netimi, ekipman kalitesi ve personel e\u011fitimi hayati \u00f6nem ta\u015f\u0131r.Bu kapsamda,...","_links":{"self":[{"href":"https:\/\/vitalmutfak.com\/de\/wp-json\/wp\/v2\/pages\/69780","targetHints":{"allow":["GET"]}}],"collection":[{"href":"https:\/\/vitalmutfak.com\/de\/wp-json\/wp\/v2\/pages"}],"about":[{"href":"https:\/\/vitalmutfak.com\/de\/wp-json\/wp\/v2\/types\/page"}],"author":[{"embeddable":true,"href":"https:\/\/vitalmutfak.com\/de\/wp-json\/wp\/v2\/users\/2"}],"replies":[{"embeddable":true,"href":"https:\/\/vitalmutfak.com\/de\/wp-json\/wp\/v2\/comments?post=69780"}],"version-history":[{"count":3,"href":"https:\/\/vitalmutfak.com\/de\/wp-json\/wp\/v2\/pages\/69780\/revisions"}],"predecessor-version":[{"id":69789,"href":"https:\/\/vitalmutfak.com\/de\/wp-json\/wp\/v2\/pages\/69780\/revisions\/69789"}],"wp:attachment":[{"href":"https:\/\/vitalmutfak.com\/de\/wp-json\/wp\/v2\/media?parent=69780"}],"curies":[{"name":"wp","href":"https:\/\/api.w.org\/{rel}","templated":true}]}}