{"id":69776,"date":"2026-03-09T09:00:38","date_gmt":"2026-03-09T06:00:38","guid":{"rendered":"https:\/\/vitalmutfak.com\/expert-opinion\/"},"modified":"2026-03-09T09:00:46","modified_gmt":"2026-03-09T06:00:46","slug":"expert-opinion","status":"publish","type":"page","link":"https:\/\/vitalmutfak.com\/en\/expert-opinion\/","title":{"rendered":"Expert Opinion"},"content":{"rendered":"\t\t<div data-elementor-type=\"wp-page\" data-elementor-id=\"69776\" class=\"elementor elementor-69776 elementor-69753\" data-elementor-post-type=\"page\">\n\t\t\t\t<div class=\"elementor-element elementor-element-867e0a2 e-flex e-con-boxed e-con e-parent\" data-id=\"867e0a2\" data-element_type=\"container\" data-e-type=\"container\">\n\t\t\t\t\t<div class=\"e-con-inner\">\n\t\t\t\t<div class=\"elementor-element elementor-element-0a91512 elementor-widget elementor-widget-elementskit-blog-posts\" data-id=\"0a91512\" data-element_type=\"widget\" data-e-type=\"widget\" data-widget_type=\"elementskit-blog-posts.default\">\n\t\t\t\t<div class=\"elementor-widget-container\">\n\t\t\t\t\t<div class=\"ekit-wid-con\" >        <div id=\"post-items--0a91512\" class=\"row post-items\">\n                    <div class=\"col-md-12\">\n\n                                    <div class=\"elementskit-blog-block-post\">\n                        <div class=\"row no-gutters\">\n                                                            <div class=\"col-md-6 order-2\">\n                                    <a href=\"https:\/\/vitalmutfak.com\/en\/food-safety-and-hygiene-in-industrial-kitchens\/\" class=\"elementskit-entry-thumb\">\n                                        <img decoding=\"async\" src=\"https:\/\/vitalmutfak.com\/wp-content\/uploads\/WhatsApp-Image-2025-12-08-at-15.31-810x1080.png\" alt=\"Food Safety and Hygiene in Industrial Kitchens\">\n                                    <\/a><!-- .elementskit-entry-thumb END -->\n                                <\/div>\n                            \n                            <div class=\"col-md-6 order-1\">\n                                <div class=\"elementskit-post-body \">\n                                    <div class=\"elementskit-entry-header\">\n                                        \n                                                                                            \t\t\t\t\t\t\t\t\t\t\t<div class=\"post-meta-list\">\n\t\t\t\t\t\t\t\t\t\t\t\t\t<\/div>\n\t\t\t\t\t                                            \n                                            \n                                                                                            \t\t\t\t<h2 class=\"entry-title\">\n\t\t\t\t\t<a href=\"https:\/\/vitalmutfak.com\/en\/food-safety-and-hygiene-in-industrial-kitchens\/\">\n\t\t\t\t\t\tFood Safety and Hygiene in Industrial Kitchens\t\t\t\t\t<\/a>\n\t\t\t\t<\/h2>\n\t\t\t                                                                                <\/div><!-- .elementskit-entry-header END -->\n\n                                                                            <div class=\"elementskit-post-footer\">\n                                                                                            <p>H\u00fcseyin OYANIK R&amp;D Unit Responsible Hygiene and food safety in industrial kitchens It is as critical a factor as the taste a business offers. Because a single hygiene violation can lead to loss of customers, damage to reputation and serious legal sanctions. For this reason, process management, equipment quality and staff training are vital in [&hellip;]<\/p>\n                                                                                                                                <\/div><!-- .elementskit-post-footer END -->\n                                                                    <\/div><!-- .elementskit-post-body END -->\n                            <\/div>\n                        <\/div>\n                    <\/div><!-- .elementskit-blog-block-post .radius .gradient-bg END -->\n                \n            <\/div>\n                <\/div>\n       <\/div>\t\t\t\t<\/div>\n\t\t\t\t<\/div>\n\t\t\t\t\t<\/div>\n\t\t\t\t<\/div>\n\t\t\t\t<\/div>\n\t\t","protected":false},"excerpt":{"rendered":"<p>End\u00fcstriyel Mutfaklarda G\u0131da G\u00fcvenli\u011fi ve Hijyen H\u00fcseyin OYANIK AR-GE Birim Sorumlusu End\u00fcstriyel mutfaklarda hijyen ve g\u0131da g\u00fcvenli\u011fi Bir i\u015fletmenin sundu\u011fu lezzet kadar kritik bir fakt\u00f6rd\u00fcr. \u00c7\u00fcnk\u00fc tek bir hijyen ihlali; m\u00fc\u015fteri kayb\u0131na, itibar zedelenmesine ve ciddi yasal yapt\u0131r\u0131mlara neden olabilir. Bu nedenle profesyonel mutfaklarda s\u00fcre\u00e7 y\u00f6netimi, ekipman kalitesi ve personel e\u011fitimi hayati \u00f6nem ta\u015f\u0131r.Bu kapsamda, [&hellip;]<\/p>\n","protected":false},"author":2,"featured_media":0,"parent":0,"menu_order":0,"comment_status":"closed","ping_status":"closed","template":"","meta":{"_acf_changed":false,"footnotes":""},"class_list":["post-69776","page","type-page","status-publish","hentry"],"acf":[],"rttpg_featured_image_url":null,"rttpg_author":{"display_name":"vital","author_link":"https:\/\/vitalmutfak.com\/en\/author\/vital\/"},"rttpg_comment":0,"rttpg_category":"","rttpg_excerpt":"End\u00fcstriyel Mutfaklarda G\u0131da G\u00fcvenli\u011fi ve Hijyen H\u00fcseyin OYANIK AR-GE Birim Sorumlusu End\u00fcstriyel mutfaklarda hijyen ve g\u0131da g\u00fcvenli\u011fi Bir i\u015fletmenin sundu\u011fu lezzet kadar kritik bir fakt\u00f6rd\u00fcr. \u00c7\u00fcnk\u00fc tek bir hijyen ihlali; m\u00fc\u015fteri kayb\u0131na, itibar zedelenmesine ve ciddi yasal yapt\u0131r\u0131mlara neden olabilir. Bu nedenle profesyonel mutfaklarda s\u00fcre\u00e7 y\u00f6netimi, ekipman kalitesi ve personel e\u011fitimi hayati \u00f6nem ta\u015f\u0131r.Bu kapsamda,&hellip;","_links":{"self":[{"href":"https:\/\/vitalmutfak.com\/en\/wp-json\/wp\/v2\/pages\/69776","targetHints":{"allow":["GET"]}}],"collection":[{"href":"https:\/\/vitalmutfak.com\/en\/wp-json\/wp\/v2\/pages"}],"about":[{"href":"https:\/\/vitalmutfak.com\/en\/wp-json\/wp\/v2\/types\/page"}],"author":[{"embeddable":true,"href":"https:\/\/vitalmutfak.com\/en\/wp-json\/wp\/v2\/users\/2"}],"replies":[{"embeddable":true,"href":"https:\/\/vitalmutfak.com\/en\/wp-json\/wp\/v2\/comments?post=69776"}],"version-history":[{"count":1,"href":"https:\/\/vitalmutfak.com\/en\/wp-json\/wp\/v2\/pages\/69776\/revisions"}],"predecessor-version":[{"id":69777,"href":"https:\/\/vitalmutfak.com\/en\/wp-json\/wp\/v2\/pages\/69776\/revisions\/69777"}],"wp:attachment":[{"href":"https:\/\/vitalmutfak.com\/en\/wp-json\/wp\/v2\/media?parent=69776"}],"curies":[{"name":"wp","href":"https:\/\/api.w.org\/{rel}","templated":true}]}}