{"id":55296,"date":"2025-11-20T11:44:18","date_gmt":"2025-11-20T08:44:18","guid":{"rendered":"https:\/\/vitalmutfak.com\/blog\/"},"modified":"2025-11-20T13:58:14","modified_gmt":"2025-11-20T10:58:14","slug":"blog","status":"publish","type":"page","link":"https:\/\/vitalmutfak.com\/es\/blog\/","title":{"rendered":"Blog"},"content":{"rendered":"\t\t<div data-elementor-type=\"wp-page\" data-elementor-id=\"55296\" class=\"elementor elementor-55296 elementor-55272\" data-elementor-post-type=\"page\">\n\t\t\t\t<div class=\"elementor-element elementor-element-867e0a2 e-flex e-con-boxed e-con e-parent\" data-id=\"867e0a2\" data-element_type=\"container\" data-e-type=\"container\">\n\t\t\t\t\t<div class=\"e-con-inner\">\n\t\t\t\t<div class=\"elementor-element elementor-element-0a91512 elementor-widget elementor-widget-elementskit-blog-posts\" data-id=\"0a91512\" data-element_type=\"widget\" data-e-type=\"widget\" data-widget_type=\"elementskit-blog-posts.default\">\n\t\t\t\t<div class=\"elementor-widget-container\">\n\t\t\t\t\t<div class=\"ekit-wid-con\" >        <div id=\"post-items--0a91512\" class=\"row post-items\">\n                    <div class=\"col-md-12\">\n\n                                    <div class=\"elementskit-blog-block-post\">\n                        <div class=\"row no-gutters\">\n                            \n                            <div class=\"col-md-12 order-1\">\n                                <div class=\"elementskit-post-body \">\n                                    <div class=\"elementskit-entry-header\">\n                                        \n                                                                                            \t\t\t\t\t                                            \n                                            \n                                                                                            \t\t\t\t<h2 class=\"entry-title\">\n\t\t\t\t\t<a href=\"https:\/\/vitalmutfak.com\/es\/guia-de-seleccion-de-lavavajillas-industriales-guillotina-o-bajo-plato\/\">\n\t\t\t\t\t\tGu\u00eda de selecci\u00f3n de lavavajillas industriales: \u00bfGuillotina o Bajo Plato?\t\t\t\t\t<\/a>\n\t\t\t\t<\/h2>\n\t\t\t                                                                                <\/div><!-- .elementskit-entry-header END -->\n\n                                                                            <div class=\"elementskit-post-footer\">\n                                                                                            <p>Al elegir encimeras de acero inoxidable, que son la columna vertebral de las cocinas industriales, examina las 5 reglas de oro a las que debes prestar atenci\u00f3n, como la calidad 304, el grosor de la chapa y la ergonom\u00eda.<\/p>\n                                                                                                                                <\/div><!-- .elementskit-post-footer END -->\n                                                                    <\/div><!-- .elementskit-post-body END -->\n                            <\/div>\n                        <\/div>\n                    <\/div><!-- .elementskit-blog-block-post .radius .gradient-bg END -->\n                \n            <\/div>\n                    <div class=\"col-md-12\">\n\n                                    <div class=\"elementskit-blog-block-post\">\n                        <div class=\"row no-gutters\">\n                            \n                            <div class=\"col-md-12 order-1\">\n                                <div class=\"elementskit-post-body \">\n                                    <div class=\"elementskit-entry-header\">\n                                        \n                                                                                            \t\t\t\t\t                                            \n                                            \n                                                                                            \t\t\t\t<h2 class=\"entry-title\">\n\t\t\t\t\t<a href=\"https:\/\/vitalmutfak.com\/es\/como-calcular-el-coste-de-la-cocina-de-un-restaurante\/\">\n\t\t\t\t\t\t\u00bfC\u00f3mo calcular el coste de la cocina de un restaurante?\t\t\t\t\t<\/a>\n\t\t\t\t<\/h2>\n\t\t\t                                                                                <\/div><!-- .elementskit-entry-header END -->\n\n                                                                            <div class=\"elementskit-post-footer\">\n                                                                                            <p>\u00bfC\u00f3mo calcular el coste de la cocina de un restaurante? 2026 Vital Gu\u00eda de cocinas industriales Uno de los puntos de decisi\u00f3n m\u00e1s cr\u00edticos en las inversiones en restaurantes es, sin duda, el coste de la cocina industrial. Una inversi\u00f3n en cocinas mal planificada puede amenazar la rentabilidad del negocio en poco tiempo, con sobrecostes [&hellip;]<\/p>\n                                                                                                                                <\/div><!-- .elementskit-post-footer END -->\n                                                                    <\/div><!-- .elementskit-post-body END -->\n                            <\/div>\n                        <\/div>\n                    <\/div><!-- .elementskit-blog-block-post .radius .gradient-bg END -->\n                \n            <\/div>\n                    <div class=\"col-md-12\">\n\n                                    <div class=\"elementskit-blog-block-post\">\n                        <div class=\"row no-gutters\">\n                                                            <div class=\"col-md-6 order-2\">\n                                    <a href=\"https:\/\/vitalmutfak.com\/es\/cocinas-de-gas-o-electricas\/\" class=\"elementskit-entry-thumb\">\n                                        <img decoding=\"async\" src=\"https:\/\/vitalmutfak.com\/wp-content\/uploads\/Gemini_Generated_Image_bnwvk2bnwvk2bnwv.png\" alt=\"\u00bfCocinas de gas o el\u00e9ctricas?\">\n                                    <\/a><!-- .elementskit-entry-thumb END -->\n                                <\/div>\n                            \n                            <div class=\"col-md-6 order-1\">\n                                <div class=\"elementskit-post-body \">\n                                    <div class=\"elementskit-entry-header\">\n                                        \n                                                                                            \t\t\t\t\t                                            \n                                            \n                                                                                            \t\t\t\t<h2 class=\"entry-title\">\n\t\t\t\t\t<a href=\"https:\/\/vitalmutfak.com\/es\/cocinas-de-gas-o-electricas\/\">\n\t\t\t\t\t\t\u00bfCocinas de gas o el\u00e9ctricas?\t\t\t\t\t<\/a>\n\t\t\t\t<\/h2>\n\t\t\t                                                                                <\/div><!-- .elementskit-entry-header END -->\n\n                                                                            <div class=\"elementskit-post-footer\">\n                                                                                            <p>\u00bfGas o electricidad? La opci\u00f3n m\u00e1s econ\u00f3mica y eficiente para tu empresa El coraz\u00f3n de una cocina profesional es, sin duda, la estaci\u00f3n de cocci\u00f3n. Indispensables para restaurantes, hoteles, cafeter\u00edas y empresas de catering, las cocinas industriales afectan directamente a la eficiencia de la cocina y a los costes operativos. Sin embargo, una de las [&hellip;]<\/p>\n                                                                                                                                <\/div><!-- .elementskit-post-footer END -->\n                                                                    <\/div><!-- .elementskit-post-body END -->\n                            <\/div>\n                        <\/div>\n                    <\/div><!-- .elementskit-blog-block-post .radius .gradient-bg END -->\n                \n            <\/div>\n                    <div class=\"col-md-12\">\n\n                                    <div class=\"elementskit-blog-block-post\">\n                        <div class=\"row no-gutters\">\n                                                            <div class=\"col-md-6 order-2\">\n                                    <a href=\"https:\/\/vitalmutfak.com\/es\/diferencias-entre-el-horno-de-conveccion-y-el-horno-normal-cual-elegir\/\" class=\"elementskit-entry-thumb\">\n                                        <img decoding=\"async\" src=\"https:\/\/vitalmutfak.com\/wp-content\/uploads\/Gemini_Generated_Image_ukpny8ukpny8ukpn.png\" alt=\"Diferencias entre el Horno de Convecci\u00f3n y el Horno Normal: \u00bfCu\u00e1l elegir?\">\n                                    <\/a><!-- .elementskit-entry-thumb END -->\n                                <\/div>\n                            \n                            <div class=\"col-md-6 order-1\">\n                                <div class=\"elementskit-post-body \">\n                                    <div class=\"elementskit-entry-header\">\n                                        \n                                                                                            \t\t\t\t\t                                            \n                                            \n                                                                                            \t\t\t\t<h2 class=\"entry-title\">\n\t\t\t\t\t<a href=\"https:\/\/vitalmutfak.com\/es\/diferencias-entre-el-horno-de-conveccion-y-el-horno-normal-cual-elegir\/\">\n\t\t\t\t\t\tDiferencias entre el Horno de Convecci\u00f3n y el Horno Normal:...\t\t\t\t\t<\/a>\n\t\t\t\t<\/h2>\n\t\t\t                                                                                <\/div><!-- .elementskit-entry-header END -->\n\n                                                                            <div class=\"elementskit-post-footer\">\n                                                                                            <p>Diferencias entre el Horno de Convecci\u00f3n y el Horno Normal: \u00bfCu\u00e1l elegir? Uno de los mayores interrogantes a la hora de montar una cocina profesional o de querer mejorar la calidad de la cocci\u00f3n en tu casa es la elecci\u00f3n del horno. En el mercado vuelan muchos t\u00e9rminos como &quot;est\u00e1tico&quot;, &quot;turbo&quot;, &quot;ventilador&quot; y &quot;convecci\u00f3n&quot;. Especialmente [&hellip;]<\/p>\n                                                                                                                                <\/div><!-- .elementskit-post-footer END -->\n                                                                    <\/div><!-- .elementskit-post-body END -->\n                            <\/div>\n                        <\/div>\n                    <\/div><!-- .elementskit-blog-block-post .radius .gradient-bg END -->\n                \n            <\/div>\n                    <div class=\"col-md-12\">\n\n                                    <div class=\"elementskit-blog-block-post\">\n                        <div class=\"row no-gutters\">\n                                                            <div class=\"col-md-6 order-2\">\n                                    <a href=\"https:\/\/vitalmutfak.com\/es\/que-es-la-cocina-industrial\/\" class=\"elementskit-entry-thumb\">\n                                        <img decoding=\"async\" src=\"https:\/\/vitalmutfak.com\/wp-content\/uploads\/Gemini_Generated_Image_vkl6qhvkl6qhvkl6.png\" alt=\"\u00bfQu\u00e9 es la Cocina Industrial?\">\n                                    <\/a><!-- .elementskit-entry-thumb END -->\n                                <\/div>\n                            \n                            <div class=\"col-md-6 order-1\">\n                                <div class=\"elementskit-post-body \">\n                                    <div class=\"elementskit-entry-header\">\n                                        \n                                                                                            \t\t\t\t\t                                            \n                                            \n                                                                                            \t\t\t\t<h2 class=\"entry-title\">\n\t\t\t\t\t<a href=\"https:\/\/vitalmutfak.com\/es\/que-es-la-cocina-industrial\/\">\n\t\t\t\t\t\t\u00bfQu\u00e9 es la Cocina Industrial?\t\t\t\t\t<\/a>\n\t\t\t\t<\/h2>\n\t\t\t                                                                                <\/div><!-- .elementskit-entry-header END -->\n\n                                                                            <div class=\"elementskit-post-footer\">\n                                                                                            <p>\u00bfQu\u00e9 es la Cocina Industrial? Para empresas Gu\u00eda Profesional de Cocina Si est\u00e1s pensando en abrir un negocio en el sector alimentario o quieres ampliar tu cocina actual, el primer t\u00e9rmino que encontrar\u00e1s ser\u00e1 sin duda &quot;Cocina Industrial&quot;. Entonces, \u00bfqu\u00e9 son exactamente estos sistemas que parecen mucho m\u00e1s complejos y potentes que las cocinas de [&hellip;]<\/p>\n                                                                                                                                <\/div><!-- .elementskit-post-footer END -->\n                                                                    <\/div><!-- .elementskit-post-body END -->\n                            <\/div>\n                        <\/div>\n                    <\/div><!-- .elementskit-blog-block-post .radius .gradient-bg END -->\n                \n            <\/div>\n                <\/div>\n       <\/div>\t\t\t\t<\/div>\n\t\t\t\t<\/div>\n\t\t\t\t\t<\/div>\n\t\t\t\t<\/div>\n\t\t\t\t<\/div>\n\t\t","protected":false},"excerpt":{"rendered":"<p>Konveksiyonel F\u0131r\u0131n ile Normal F\u0131r\u0131n Aras\u0131ndaki Farklar: Hangisini Se\u00e7melisiniz? Konveksiyonel F\u0131r\u0131n ile Normal F\u0131r\u0131n Aras\u0131ndaki Farklar: Hangisini Se\u00e7melisiniz? Profesyonel bir mutfak kurarken veya evinizdeki pi\u015firme kalitesini art\u0131rmak isterken kar\u015f\u0131n\u0131za \u00e7\u0131kan en b\u00fcy\u00fck soru i\u015faretlerinden biri f\u0131r\u0131n se\u00e7imidir. Piyasada &quot;statik&quot;, &quot;turbo&quot;, &quot;fanl\u0131&quot; ve &quot;konveksiyonel&quot; gibi bir\u00e7ok terim havada u\u00e7u\u015fur. \u00d6zellikle end\u00fcstriyel mutfaklarda (restoran, otel, pastane) standart [&hellip;]<\/p>\n","protected":false},"author":2,"featured_media":0,"parent":0,"menu_order":0,"comment_status":"closed","ping_status":"closed","template":"","meta":{"_acf_changed":false,"footnotes":""},"class_list":["post-55296","page","type-page","status-publish","hentry"],"acf":[],"rttpg_featured_image_url":null,"rttpg_author":{"display_name":"vital","author_link":"https:\/\/vitalmutfak.com\/es\/author\/vital\/"},"rttpg_comment":0,"rttpg_category":"","rttpg_excerpt":"Konveksiyonel F\u0131r\u0131n ile Normal F\u0131r\u0131n Aras\u0131ndaki Farklar: Hangisini Se\u00e7melisiniz? Konveksiyonel F\u0131r\u0131n ile Normal F\u0131r\u0131n Aras\u0131ndaki Farklar: Hangisini Se\u00e7melisiniz? Profesyonel bir mutfak kurarken veya evinizdeki pi\u015firme kalitesini art\u0131rmak isterken kar\u015f\u0131n\u0131za \u00e7\u0131kan en b\u00fcy\u00fck soru i\u015faretlerinden biri f\u0131r\u0131n se\u00e7imidir. Piyasada &quot;statik&quot;, &quot;turbo&quot;, &quot;fanl\u0131&quot; ve &quot;konveksiyonel&quot; gibi bir\u00e7ok terim havada u\u00e7u\u015fur. \u00d6zellikle end\u00fcstriyel mutfaklarda (restoran, otel, pastane) standart...","_links":{"self":[{"href":"https:\/\/vitalmutfak.com\/es\/wp-json\/wp\/v2\/pages\/55296","targetHints":{"allow":["GET"]}}],"collection":[{"href":"https:\/\/vitalmutfak.com\/es\/wp-json\/wp\/v2\/pages"}],"about":[{"href":"https:\/\/vitalmutfak.com\/es\/wp-json\/wp\/v2\/types\/page"}],"author":[{"embeddable":true,"href":"https:\/\/vitalmutfak.com\/es\/wp-json\/wp\/v2\/users\/2"}],"replies":[{"embeddable":true,"href":"https:\/\/vitalmutfak.com\/es\/wp-json\/wp\/v2\/comments?post=55296"}],"version-history":[{"count":5,"href":"https:\/\/vitalmutfak.com\/es\/wp-json\/wp\/v2\/pages\/55296\/revisions"}],"predecessor-version":[{"id":55479,"href":"https:\/\/vitalmutfak.com\/es\/wp-json\/wp\/v2\/pages\/55296\/revisions\/55479"}],"wp:attachment":[{"href":"https:\/\/vitalmutfak.com\/es\/wp-json\/wp\/v2\/media?parent=55296"}],"curies":[{"name":"wp","href":"https:\/\/api.w.org\/{rel}","templated":true}]}}