{"id":69785,"date":"2026-03-09T09:00:38","date_gmt":"2026-03-09T06:00:38","guid":{"rendered":"https:\/\/vitalmutfak.com\/%d0%bc%d0%bd%d0%b5%d0%bd%d0%b8%d0%b5-%d1%8d%d0%ba%d1%81%d0%bf%d0%b5%d1%80%d1%82%d0%b0\/"},"modified":"2026-03-09T09:00:52","modified_gmt":"2026-03-09T06:00:52","slug":"%d0%bc%d0%bd%d0%b5%d0%bd%d0%b8%d0%b5-%d1%8d%d0%ba%d1%81%d0%bf%d0%b5%d1%80%d1%82%d0%b0","status":"publish","type":"page","link":"https:\/\/vitalmutfak.com\/ru\/%d0%bc%d0%bd%d0%b5%d0%bd%d0%b8%d0%b5-%d1%8d%d0%ba%d1%81%d0%bf%d0%b5%d1%80%d1%82%d0%b0\/","title":{"rendered":"\u041c\u043d\u0435\u043d\u0438\u0435 \u044d\u043a\u0441\u043f\u0435\u0440\u0442\u0430"},"content":{"rendered":"\t\t<div data-elementor-type=\"wp-page\" data-elementor-id=\"69785\" class=\"elementor elementor-69785 elementor-69753\" data-elementor-post-type=\"page\">\n\t\t\t\t<div class=\"elementor-element elementor-element-867e0a2 e-flex e-con-boxed e-con e-parent\" data-id=\"867e0a2\" data-element_type=\"container\" data-e-type=\"container\">\n\t\t\t\t\t<div class=\"e-con-inner\">\n\t\t\t\t<div class=\"elementor-element elementor-element-0a91512 elementor-widget elementor-widget-elementskit-blog-posts\" data-id=\"0a91512\" data-element_type=\"widget\" data-e-type=\"widget\" data-widget_type=\"elementskit-blog-posts.default\">\n\t\t\t\t<div class=\"elementor-widget-container\">\n\t\t\t\t\t<div class=\"ekit-wid-con\" >        <div id=\"post-items--0a91512\" class=\"row post-items\">\n                    <div class=\"col-md-12\">\n\n                                    <div class=\"elementskit-blog-block-post\">\n                        <div class=\"row no-gutters\">\n                                                            <div class=\"col-md-6 order-2\">\n                                    <a href=\"https:\/\/vitalmutfak.com\/ru\/%d0%b1%d0%b5%d0%b7%d0%be%d0%bf%d0%b0%d1%81%d0%bd%d0%be%d1%81%d1%82%d1%8c-%d0%b8-%d0%b3%d0%b8%d0%b3%d0%b8%d0%b5%d0%bd%d0%b0-%d0%bf%d0%b8%d1%89%d0%b5%d0%b2%d1%8b%d1%85-%d0%bf%d1%80%d0%be%d0%b4%d1%83\/\" class=\"elementskit-entry-thumb\">\n                                        <img decoding=\"async\" src=\"https:\/\/vitalmutfak.com\/wp-content\/uploads\/WhatsApp-Image-2025-12-08-at-15.31-810x1080.png\" alt=\"\u0411\u0435\u0437\u043e\u043f\u0430\u0441\u043d\u043e\u0441\u0442\u044c \u0438 \u0433\u0438\u0433\u0438\u0435\u043d\u0430 \u043f\u0438\u0449\u0435\u0432\u044b\u0445 \u043f\u0440\u043e\u0434\u0443\u043a\u0442\u043e\u0432 \u043d\u0430 \u043f\u0440\u043e\u043c\u044b\u0448\u043b\u0435\u043d\u043d\u044b\u0445 \u043a\u0443\u0445\u043d\u044f\u0445\">\n                                    <\/a><!-- .elementskit-entry-thumb END -->\n                                <\/div>\n                            \n                            <div class=\"col-md-6 order-1\">\n                                <div class=\"elementskit-post-body \">\n                                    <div class=\"elementskit-entry-header\">\n                                        \n                                                                                            \t\t\t\t\t\t\t\t\t\t\t<div class=\"post-meta-list\">\n\t\t\t\t\t\t\t\t\t\t\t\t\t<\/div>\n\t\t\t\t\t                                            \n                                            \n                                                                                            \t\t\t\t<h2 class=\"entry-title\">\n\t\t\t\t\t<a href=\"https:\/\/vitalmutfak.com\/ru\/%d0%b1%d0%b5%d0%b7%d0%be%d0%bf%d0%b0%d1%81%d0%bd%d0%be%d1%81%d1%82%d1%8c-%d0%b8-%d0%b3%d0%b8%d0%b3%d0%b8%d0%b5%d0%bd%d0%b0-%d0%bf%d0%b8%d1%89%d0%b5%d0%b2%d1%8b%d1%85-%d0%bf%d1%80%d0%be%d0%b4%d1%83\/\">\n\t\t\t\t\t\t\u0411\u0435\u0437\u043e\u043f\u0430\u0441\u043d\u043e\u0441\u0442\u044c \u0438 \u0433\u0438\u0433\u0438\u0435\u043d\u0430 \u043f\u0438\u0449\u0435\u0432\u044b\u0445 \u043f\u0440\u043e\u0434\u0443\u043a\u0442\u043e\u0432 \u043d\u0430 \u043f\u0440\u043e\u043c\u044b\u0448\u043b\u0435\u043d\u043d\u044b\u0445 \u043a\u0443\u0445\u043d\u044f\u0445\t\t\t\t\t<\/a>\n\t\t\t\t<\/h2>\n\t\t\t                                                                                <\/div><!-- .elementskit-entry-header END -->\n\n                                                                            <div class=\"elementskit-post-footer\">\n                                                                                            <p>\u0425\u044e\u0441\u0435\u0439\u043d \u041e\u042f\u041d\u0418\u041a \u041e\u0442\u0434\u0435\u043b \u0438\u0441\u0441\u043b\u0435\u0434\u043e\u0432\u0430\u043d\u0438\u0439 \u0438 \u0440\u0430\u0437\u0440\u0430\u0431\u043e\u0442\u043e\u043a \u041e\u0442\u0432\u0435\u0442\u0441\u0442\u0432\u0435\u043d\u043d\u044b\u0439 \u0413\u0438\u0433\u0438\u0435\u043d\u0430 \u0438 \u0431\u0435\u0437\u043e\u043f\u0430\u0441\u043d\u043e\u0441\u0442\u044c \u043f\u0438\u0449\u0435\u0432\u044b\u0445 \u043f\u0440\u043e\u0434\u0443\u043a\u0442\u043e\u0432 \u043d\u0430 \u043f\u0440\u043e\u043c\u044b\u0448\u043b\u0435\u043d\u043d\u044b\u0445 \u043a\u0443\u0445\u043d\u044f\u0445 \u042d\u0442\u043e \u0442\u0430\u043a\u043e\u0439 \u0436\u0435 \u0432\u0430\u0436\u043d\u044b\u0439 \u0444\u0430\u043a\u0442\u043e\u0440, \u043a\u0430\u043a \u0438 \u0432\u043a\u0443\u0441, \u043a\u043e\u0442\u043e\u0440\u044b\u0439 \u043f\u0440\u0435\u0434\u043b\u0430\u0433\u0430\u0435\u0442 \u0431\u0438\u0437\u043d\u0435\u0441. \u0412\u0435\u0434\u044c \u043e\u0434\u043d\u043e \u043d\u0430\u0440\u0443\u0448\u0435\u043d\u0438\u0435 \u043f\u0440\u0430\u0432\u0438\u043b \u0433\u0438\u0433\u0438\u0435\u043d\u044b \u043c\u043e\u0436\u0435\u0442 \u043f\u0440\u0438\u0432\u0435\u0441\u0442\u0438 \u043a \u043f\u043e\u0442\u0435\u0440\u0435 \u043a\u043b\u0438\u0435\u043d\u0442\u043e\u0432, \u043f\u043e\u0434\u0440\u044b\u0432\u0443 \u0440\u0435\u043f\u0443\u0442\u0430\u0446\u0438\u0438 \u0438 \u0441\u0435\u0440\u044c\u0435\u0437\u043d\u044b\u043c \u044e\u0440\u0438\u0434\u0438\u0447\u0435\u0441\u043a\u0438\u043c \u0441\u0430\u043d\u043a\u0446\u0438\u044f\u043c. \u041f\u043e\u044d\u0442\u043e\u043c\u0443 \u0443\u043f\u0440\u0430\u0432\u043b\u0435\u043d\u0438\u0435 \u043f\u0440\u043e\u0446\u0435\u0441\u0441\u043e\u043c, \u043a\u0430\u0447\u0435\u0441\u0442\u0432\u043e \u043e\u0431\u043e\u0440\u0443\u0434\u043e\u0432\u0430\u043d\u0438\u044f \u0438 \u043e\u0431\u0443\u0447\u0435\u043d\u0438\u0435 \u043f\u0435\u0440\u0441\u043e\u043d\u0430\u043b\u0430 \u0436\u0438\u0437\u043d\u0435\u043d\u043d\u043e \u0432\u0430\u0436\u043d\u044b \u0434\u043b\u044f \u043f\u0440\u043e\u0444\u0435\u0441\u0441\u0438\u043e\u043d\u0430\u043b\u044c\u043d\u044b\u0445 \u043a\u0443\u0445\u043e\u043d\u044c. [&hellip;]<\/p>\n                                                                                                                                <\/div><!-- .elementskit-post-footer END -->\n                                                                    <\/div><!-- .elementskit-post-body END -->\n                            <\/div>\n                        <\/div>\n                    <\/div><!-- .elementskit-blog-block-post .radius .gradient-bg END -->\n                \n            <\/div>\n                <\/div>\n       <\/div>\t\t\t\t<\/div>\n\t\t\t\t<\/div>\n\t\t\t\t\t<\/div>\n\t\t\t\t<\/div>\n\t\t\t\t<\/div>\n\t\t","protected":false},"excerpt":{"rendered":"<p>End\u00fcstriyel Mutfaklarda G\u0131da G\u00fcvenli\u011fi ve Hijyen H\u00fcseyin OYANIK AR-GE Birim Sorumlusu End\u00fcstriyel mutfaklarda hijyen ve g\u0131da g\u00fcvenli\u011fi Bir i\u015fletmenin sundu\u011fu lezzet kadar kritik bir fakt\u00f6rd\u00fcr. \u00c7\u00fcnk\u00fc tek bir hijyen ihlali; m\u00fc\u015fteri kayb\u0131na, itibar zedelenmesine ve ciddi yasal yapt\u0131r\u0131mlara neden olabilir. Bu nedenle profesyonel mutfaklarda s\u00fcre\u00e7 y\u00f6netimi, ekipman kalitesi ve personel e\u011fitimi hayati \u00f6nem ta\u015f\u0131r.Bu kapsamda, [&hellip;]<\/p>\n","protected":false},"author":2,"featured_media":0,"parent":0,"menu_order":0,"comment_status":"closed","ping_status":"closed","template":"","meta":{"_acf_changed":false,"footnotes":""},"class_list":["post-69785","page","type-page","status-publish","hentry"],"acf":[],"rttpg_featured_image_url":null,"rttpg_author":{"display_name":"vital","author_link":"https:\/\/vitalmutfak.com\/ru\/author\/vital\/"},"rttpg_comment":0,"rttpg_category":"","rttpg_excerpt":"End\u00fcstriyel Mutfaklarda G\u0131da G\u00fcvenli\u011fi ve Hijyen H\u00fcseyin OYANIK AR-GE Birim Sorumlusu End\u00fcstriyel mutfaklarda hijyen ve g\u0131da g\u00fcvenli\u011fi Bir i\u015fletmenin sundu\u011fu lezzet kadar kritik bir fakt\u00f6rd\u00fcr. \u00c7\u00fcnk\u00fc tek bir hijyen ihlali; m\u00fc\u015fteri kayb\u0131na, itibar zedelenmesine ve ciddi yasal yapt\u0131r\u0131mlara neden olabilir. Bu nedenle profesyonel mutfaklarda s\u00fcre\u00e7 y\u00f6netimi, ekipman kalitesi ve personel e\u011fitimi hayati \u00f6nem ta\u015f\u0131r.Bu kapsamda,...","_links":{"self":[{"href":"https:\/\/vitalmutfak.com\/ru\/wp-json\/wp\/v2\/pages\/69785","targetHints":{"allow":["GET"]}}],"collection":[{"href":"https:\/\/vitalmutfak.com\/ru\/wp-json\/wp\/v2\/pages"}],"about":[{"href":"https:\/\/vitalmutfak.com\/ru\/wp-json\/wp\/v2\/types\/page"}],"author":[{"embeddable":true,"href":"https:\/\/vitalmutfak.com\/ru\/wp-json\/wp\/v2\/users\/2"}],"replies":[{"embeddable":true,"href":"https:\/\/vitalmutfak.com\/ru\/wp-json\/wp\/v2\/comments?post=69785"}],"version-history":[{"count":1,"href":"https:\/\/vitalmutfak.com\/ru\/wp-json\/wp\/v2\/pages\/69785\/revisions"}],"predecessor-version":[{"id":69787,"href":"https:\/\/vitalmutfak.com\/ru\/wp-json\/wp\/v2\/pages\/69785\/revisions\/69787"}],"wp:attachment":[{"href":"https:\/\/vitalmutfak.com\/ru\/wp-json\/wp\/v2\/media?parent=69785"}],"curies":[{"name":"wp","href":"https:\/\/api.w.org\/{rel}","templated":true}]}}